{"id":86,"date":"2014-03-21T13:29:10","date_gmt":"2014-03-21T13:29:10","guid":{"rendered":"http:\/\/demo.themegrill.com\/spacious\/?page_id=86"},"modified":"2014-03-21T13:29:10","modified_gmt":"2014-03-21T13:29:10","slug":"recent-work-skateboard","status":"publish","type":"page","link":"https:\/\/store.onlinemoneytalk.com\/?page_id=86","title":{"rendered":"Recent Work Skateboard"},"content":{"rendered":"<p>Donut cotton candy chupa chups bear claw chocolate bar caramels fruitcake chocolate cake cake. Sweet roll biscuit halvah croissant. Muffin tart cheesecake. Fruitcake cake jujubes macaroon carrot cake. Pastry wafer souffl\u00e9 chocolate cake cookie candy canes macaroon candy canes. Apple pie tiramisu powder. Jelly beans lollipop bear claw macaroon topping muffin ice cream. Biscuit chocolate bar jelly oat cake gummi bears gingerbread unerdwear.com gummies sugar plum. Sesame snaps jelly-o gummies apple pie danish.<\/p>\n<p>Drag\u00e9e chupa chups gummies tootsie roll tiramisu muffin sweet liquorice carrot cake. Jujubes sweet tart cotton candy marzipan. Donut liquorice halvah. Lollipop caramels gingerbread tootsie roll chocolate ice cream gummies macaroon. Sesame snaps bonbon icing apple pie sesame snaps lemon drops. Marshmallow carrot cake icing. Chupa chups jelly cheesecake gummi bears toffee wafer. Macaroon cotton candy chocolate cake jelly-o souffl\u00e9 souffl\u00e9. Powder tart applicake pastry drag\u00e9e. Tootsie roll brownie candy canes.<\/p>\n","protected":false},"excerpt":{"rendered":"<p>Donut cotton candy chupa chups bear claw chocolate bar caramels fruitcake chocolate cake cake. Sweet roll biscuit halvah croissant. Muffin tart cheesecake. Fruitcake cake jujubes macaroon carrot cake. Pastry wafer souffl\u00e9 chocolate cake cookie candy canes macaroon candy canes. Apple<\/p>\n","protected":false},"author":1,"featured_media":569,"parent":0,"menu_order":0,"comment_status":"open","ping_status":"open","template":"","meta":{"footnotes":""},"class_list":["post-86","page","type-page","status-publish","has-post-thumbnail","hentry"],"yoast_head":"<!-- This site is optimized with the Yoast SEO plugin v20.5 - https:\/\/yoast.com\/wordpress\/plugins\/seo\/ -->\n<title>Recent Work Skateboard - Spacious<\/title>\n<meta name=\"robots\" content=\"index, follow, max-snippet:-1, max-image-preview:large, max-video-preview:-1\" \/>\n<link rel=\"canonical\" href=\"https:\/\/store.onlinemoneytalk.com\/?page_id=86\" \/>\n<meta property=\"og:locale\" content=\"en_US\" \/>\n<meta property=\"og:type\" content=\"article\" \/>\n<meta property=\"og:title\" content=\"Recent Work Skateboard - Spacious\" \/>\n<meta property=\"og:description\" content=\"Donut cotton candy chupa chups bear claw chocolate bar caramels fruitcake chocolate cake cake. Sweet roll biscuit halvah croissant. Muffin tart cheesecake. Fruitcake cake jujubes macaroon carrot cake. Pastry wafer souffl\u00e9 chocolate cake cookie candy canes macaroon candy canes. Apple\" \/>\n<meta property=\"og:url\" content=\"https:\/\/store.onlinemoneytalk.com\/?page_id=86\" \/>\n<meta property=\"og:site_name\" content=\"Spacious\" \/>\n<meta name=\"twitter:card\" content=\"summary_large_image\" \/>\n<meta name=\"twitter:label1\" content=\"Est. reading time\" \/>\n\t<meta name=\"twitter:data1\" content=\"1 minute\" \/>\n<script type=\"application\/ld+json\" class=\"yoast-schema-graph\">{\"@context\":\"https:\/\/schema.org\",\"@graph\":[{\"@type\":\"WebPage\",\"@id\":\"https:\/\/store.onlinemoneytalk.com\/?page_id=86\",\"url\":\"https:\/\/store.onlinemoneytalk.com\/?page_id=86\",\"name\":\"Recent Work Skateboard - Spacious\",\"isPartOf\":{\"@id\":\"https:\/\/store.onlinemoneytalk.com\/#website\"},\"datePublished\":\"2014-03-21T13:29:10+00:00\",\"dateModified\":\"2014-03-21T13:29:10+00:00\",\"breadcrumb\":{\"@id\":\"https:\/\/store.onlinemoneytalk.com\/?page_id=86#breadcrumb\"},\"inLanguage\":\"en-US\",\"potentialAction\":[{\"@type\":\"ReadAction\",\"target\":[\"https:\/\/store.onlinemoneytalk.com\/?page_id=86\"]}]},{\"@type\":\"BreadcrumbList\",\"@id\":\"https:\/\/store.onlinemoneytalk.com\/?page_id=86#breadcrumb\",\"itemListElement\":[{\"@type\":\"ListItem\",\"position\":1,\"name\":\"Home\",\"item\":\"https:\/\/store.onlinemoneytalk.com\/?page_id=432\"},{\"@type\":\"ListItem\",\"position\":2,\"name\":\"Recent Work Skateboard\"}]},{\"@type\":\"WebSite\",\"@id\":\"https:\/\/store.onlinemoneytalk.com\/#website\",\"url\":\"https:\/\/store.onlinemoneytalk.com\/\",\"name\":\"Spacious\",\"description\":\"\",\"publisher\":{\"@id\":\"https:\/\/store.onlinemoneytalk.com\/#organization\"},\"potentialAction\":[{\"@type\":\"SearchAction\",\"target\":{\"@type\":\"EntryPoint\",\"urlTemplate\":\"https:\/\/store.onlinemoneytalk.com\/?s={search_term_string}\"},\"query-input\":\"required name=search_term_string\"}],\"inLanguage\":\"en-US\"},{\"@type\":\"Organization\",\"@id\":\"https:\/\/store.onlinemoneytalk.com\/#organization\",\"name\":\"Spacious\",\"url\":\"https:\/\/store.onlinemoneytalk.com\/\",\"logo\":{\"@type\":\"ImageObject\",\"inLanguage\":\"en-US\",\"@id\":\"https:\/\/store.onlinemoneytalk.com\/#\/schema\/logo\/image\/\",\"url\":\"https:\/\/store.onlinemoneytalk.com\/wp-content\/uploads\/2023\/04\/FFTRR.US-xSM.png\",\"contentUrl\":\"https:\/\/store.onlinemoneytalk.com\/wp-content\/uploads\/2023\/04\/FFTRR.US-xSM.png\",\"width\":347,\"height\":150,\"caption\":\"Spacious\"},\"image\":{\"@id\":\"https:\/\/store.onlinemoneytalk.com\/#\/schema\/logo\/image\/\"}}]}<\/script>\n<!-- \/ Yoast SEO plugin. -->","yoast_head_json":{"title":"Recent Work Skateboard - Spacious","robots":{"index":"index","follow":"follow","max-snippet":"max-snippet:-1","max-image-preview":"max-image-preview:large","max-video-preview":"max-video-preview:-1"},"canonical":"https:\/\/store.onlinemoneytalk.com\/?page_id=86","og_locale":"en_US","og_type":"article","og_title":"Recent Work Skateboard - Spacious","og_description":"Donut cotton candy chupa chups bear claw chocolate bar caramels fruitcake chocolate cake cake. Sweet roll biscuit halvah croissant. Muffin tart cheesecake. Fruitcake cake jujubes macaroon carrot cake. Pastry wafer souffl\u00e9 chocolate cake cookie candy canes macaroon candy canes. Apple","og_url":"https:\/\/store.onlinemoneytalk.com\/?page_id=86","og_site_name":"Spacious","twitter_card":"summary_large_image","twitter_misc":{"Est. reading time":"1 minute"},"schema":{"@context":"https:\/\/schema.org","@graph":[{"@type":"WebPage","@id":"https:\/\/store.onlinemoneytalk.com\/?page_id=86","url":"https:\/\/store.onlinemoneytalk.com\/?page_id=86","name":"Recent Work Skateboard - Spacious","isPartOf":{"@id":"https:\/\/store.onlinemoneytalk.com\/#website"},"datePublished":"2014-03-21T13:29:10+00:00","dateModified":"2014-03-21T13:29:10+00:00","breadcrumb":{"@id":"https:\/\/store.onlinemoneytalk.com\/?page_id=86#breadcrumb"},"inLanguage":"en-US","potentialAction":[{"@type":"ReadAction","target":["https:\/\/store.onlinemoneytalk.com\/?page_id=86"]}]},{"@type":"BreadcrumbList","@id":"https:\/\/store.onlinemoneytalk.com\/?page_id=86#breadcrumb","itemListElement":[{"@type":"ListItem","position":1,"name":"Home","item":"https:\/\/store.onlinemoneytalk.com\/?page_id=432"},{"@type":"ListItem","position":2,"name":"Recent Work Skateboard"}]},{"@type":"WebSite","@id":"https:\/\/store.onlinemoneytalk.com\/#website","url":"https:\/\/store.onlinemoneytalk.com\/","name":"Spacious","description":"","publisher":{"@id":"https:\/\/store.onlinemoneytalk.com\/#organization"},"potentialAction":[{"@type":"SearchAction","target":{"@type":"EntryPoint","urlTemplate":"https:\/\/store.onlinemoneytalk.com\/?s={search_term_string}"},"query-input":"required name=search_term_string"}],"inLanguage":"en-US"},{"@type":"Organization","@id":"https:\/\/store.onlinemoneytalk.com\/#organization","name":"Spacious","url":"https:\/\/store.onlinemoneytalk.com\/","logo":{"@type":"ImageObject","inLanguage":"en-US","@id":"https:\/\/store.onlinemoneytalk.com\/#\/schema\/logo\/image\/","url":"https:\/\/store.onlinemoneytalk.com\/wp-content\/uploads\/2023\/04\/FFTRR.US-xSM.png","contentUrl":"https:\/\/store.onlinemoneytalk.com\/wp-content\/uploads\/2023\/04\/FFTRR.US-xSM.png","width":347,"height":150,"caption":"Spacious"},"image":{"@id":"https:\/\/store.onlinemoneytalk.com\/#\/schema\/logo\/image\/"}}]}},"_links":{"self":[{"href":"https:\/\/store.onlinemoneytalk.com\/index.php?rest_route=\/wp\/v2\/pages\/86","targetHints":{"allow":["GET"]}}],"collection":[{"href":"https:\/\/store.onlinemoneytalk.com\/index.php?rest_route=\/wp\/v2\/pages"}],"about":[{"href":"https:\/\/store.onlinemoneytalk.com\/index.php?rest_route=\/wp\/v2\/types\/page"}],"author":[{"embeddable":true,"href":"https:\/\/store.onlinemoneytalk.com\/index.php?rest_route=\/wp\/v2\/users\/1"}],"replies":[{"embeddable":true,"href":"https:\/\/store.onlinemoneytalk.com\/index.php?rest_route=%2Fwp%2Fv2%2Fcomments&post=86"}],"version-history":[{"count":0,"href":"https:\/\/store.onlinemoneytalk.com\/index.php?rest_route=\/wp\/v2\/pages\/86\/revisions"}],"wp:featuredmedia":[{"embeddable":true,"href":"https:\/\/store.onlinemoneytalk.com\/index.php?rest_route=\/wp\/v2\/media\/569"}],"wp:attachment":[{"href":"https:\/\/store.onlinemoneytalk.com\/index.php?rest_route=%2Fwp%2Fv2%2Fmedia&parent=86"}],"curies":[{"name":"wp","href":"https:\/\/api.w.org\/{rel}","templated":true}]}}